{"id":5308,"date":"2015-01-29T12:53:37","date_gmt":"2015-01-29T11:53:37","guid":{"rendered":"http:\/\/www.francomonti.com\/?page_id=5308"},"modified":"2023-01-02T22:18:45","modified_gmt":"2023-01-02T21:18:45","slug":"el-artista","status":"publish","type":"page","link":"https:\/\/www.francomonti.com\/it\/el-artista\/","title":{"rendered":"L&#8217;artista"},"content":{"rendered":"<div class=\"wpb-content-wrapper\">[vc_row css=\".vc_custom_1444926358457{margin-top: 0px !important;margin-bottom: 0px !important;padding-top: 0px !important;padding-right: 0px !important;padding-bottom: 0px !important;padding-left: 0px !important;}\"][vc_column css=\".vc_custom_1446835409018{padding-top: 0px !important;padding-bottom: 0px !important;background-image: url(http:\/\/www.francomonti.com\/wp-content\/uploads\/2015\/01\/about_negro2.jpg?id=6002) !important;background-position: 0 0 !important;background-repeat: no-repeat !important;}\"][vc_row_inner css=\".vc_custom_1445338236438{margin-bottom: 0px !important;padding-top: 70px !important;padding-right: 0px !important;padding-bottom: 100px !important;padding-left: 0px !important;}\"][vc_column_inner width=\"7\/12\" css=\".vc_custom_1444926076259{margin-bottom: 0px !important;}\"]\n[\/vc_column_inner][vc_column_inner width=\"5\/12\" css=\".vc_custom_1444996365316{padding-top: 0px !important;padding-right: 15px !important;padding-bottom: 0px !important;padding-left: 150px !important;}\"][vc_column_text el_class=\"txt_about\"]\n<p style=\"color: #ffffff; text-align: justify;\">La forma di una scultura nasce nel silenzio del sogno, si dilata in quello spazio magico che non ha limiti precisi, se non il mallo notturno del buio. Poi il sogno si adatta alla realt\u00e0, assume la concretezza di un corpo pensato razionalmente, con dimensioni precise, peso, contrapposizione di volumi. Il colore si fonde nella materia che costituisce la forma \u2013 il calcestruzzo \u2013 e diventa parte integrante dell\u2019opera accentuando o attenuando intenzioni espressive.<\/p>\n<p style=\"color: #ffffff; text-align: justify;\">Tutto il processo della creazione sembra continuare a svolgersi nel silenzio, in una situazione atemporale, malgrado il rumore assordante dell\u2019 utensile meccanico che taglia e smeriglia, o della mazza e scalpello. La polvere sottile che avvolge i gesti del lavoro \u00e8 come un filtro protettivo, isola dal mondo esterno. L\u2019opera finita sar\u00e0 sola, autonoma. Vivr\u00e0 una sua vita come i figli vivono la loro, sopravviver\u00e0 al genitore. Dovrebbe segnare un momento, dare un\u2019impronta a un tempo, per breve che sia, pi\u00f9 concreto del desiderio inconscio di ogni uomo di non essere inghiottito dall\u2019obl\u00edo.<\/p>\n<p style=\"color: #ffffff; text-align: left;\">Franco Monti, Ibiza 2004<\/p>\n[\/vc_column_text][\/vc_column_inner][\/vc_row_inner][\/vc_column][\/vc_row][vc_row css=\".vc_custom_1672692211817{margin-top: 0px !important;margin-bottom: 0px !important;background-color: rgba(232,232,232,0.66) !important;*background-color: rgb(232,232,232) !important;}\"][vc_column css=\".vc_custom_1672692312009{padding: 50px !important;}\"][vc_column_text el_class=\"txt_artista\"]\n<h6 style=\"text-align: justify;\">\u201c<strong>Franco Monti<\/strong> \u00e8 un artista enigmatico, uno scultore diremmo quasi clandestino. Non \u00e8 mai stato legato a gruppi, scuole o tendenze artistiche in voga, n\u00e9 ha perso tempo in quella specie di sincretismo artistico che avvicina tante opere d\u2019arte contemporanea ai modelli costruttivi e immaginativi messi in gioco dalle avanguardie storiche all\u2019 inizio del ventesimo secolo. Lo sguardo di Monti \u00e8 quello dell\u2019 antropologo, dello scientifico. La sua lunga familiarit\u00e0 con le etnie e le culture subsahariane lo ha convinto che, in definitiva, l\u2019arte \u00e8 solo forma\u2026 ma una forma il cui significato profondo deve cercarsi nella cultura materiale e intellettuale da cui prende vita. Forme che si convertono in immagini o in simboli, in presenze sensibili che corrispondono sempre ad una trama di intenzioni \u2013 le ragioni dell\u2019 artista \u2013 in dibattito con l\u2019 esigente autonomia artistica, confronto che traduce queste forme in arte.\u201d*<\/h6>\n<h6 style=\"text-align: justify;\"><em>*Estratto del libro \u201cEstelas de color. La escultura de Franco Monti\u201d, J.F. Yvars, Ediciones Ambit, Barcelona, 2005. <\/em><em>Edizione in Spagnolo \u2013 Italiano<\/em><\/h6>\n[\/vc_column_text][\/vc_column][\/vc_row][vc_row css=\".vc_custom_1443783431349{margin-top: 40px !important;}\"][vc_column][vc_separator color=\"custom\" accent_color=\"#aaaaaa\"][vc_column_text]\n<p>Video di alcune opere di Franco Monti girato nel suo atelier. Contiene una breve relazione della mostra organizzata dal Museo d\u2019Arte Contemporanea di Ibiza a l'Hospitalet, Ibiza 2006. Copyright Manfred &amp; Margitta Ballheimer.<\/p>\n[\/vc_column_text][vc_column_text]\n<div style=\"text-align: center; width: 90%; margin: auto;\">\n<div style=\"width: 720px;\" class=\"wp-video\"><video class=\"wp-video-shortcode\" id=\"video-5308-3\" width=\"720\" height=\"576\" preload=\"auto\" controls=\"controls\"><source type=\"video\/mp4\" src=\"https:\/\/www.francomonti.com\/wp-content\/uploads\/2015\/10\/FM62_1200x29_DP.mp4?_=3\" \/><a href=\"https:\/\/www.francomonti.com\/wp-content\/uploads\/2015\/10\/FM62_1200x29_DP.mp4\">https:\/\/www.francomonti.com\/wp-content\/uploads\/2015\/10\/FM62_1200x29_DP.mp4<\/a><\/video><\/div>\n<\/div>\n[\/vc_column_text][\/vc_column][\/vc_row]\n<\/div>","protected":false},"excerpt":{"rendered":"<p>[vc_row css=&#8221;.vc_custom_1444926358457{margin-top: 0px !important;margin-bottom: 0px !important;padding-top: 0px !important;padding-right: 0px !important;padding-bottom: 0px !important;padding-left: 0px !important;}&#8221;][vc_column css=&#8221;.vc_custom_1446835409018{padding-top: 0px !important;padding-bottom: 0px !important;background-image: url(http:\/\/www.francomonti.com\/wp-content\/uploads\/2015\/01\/about_negro2.jpg?id=6002) !important;background-position: 0 0 !important;background-repeat: no-repeat !important;}&#8221;][vc_row_inner css=&#8221;.vc_custom_1445338236438{margin-bottom: 0px !important;padding-top: 70px !important;padding-right: 0px !important;padding-bottom: 100px !important;padding-left: 0px !important;}&#8221;][vc_column_inner width=&#8221;7\/12&#8243; css=&#8221;.vc_custom_1444926076259{margin-bottom: 0px !important;}&#8221;]<br \/>\n[\/vc_column_inner][vc_column_inner width=&#8221;5\/12&#8243; css=&#8221;.vc_custom_1444996365316{padding-top: 0px !important;padding-right: 15px !important;padding-bottom: 0px !important;padding-left: 150px !important;}&#8221;][vc_column_text el_class=&#8221;txt_about&#8221;]<\/p>\n<p style=\"color: #ffffff; text-align: justify;\">La forma di una scultura nasce nel silenzio del sogno, si dilata in quello spazio magico che non ha limiti precisi, se non il mallo notturno del buio. Poi il sogno si adatta alla realt\u00e0,<\/p>\n","protected":false},"author":1,"featured_media":0,"parent":0,"menu_order":0,"comment_status":"open","ping_status":"closed","template":"page-nosidebar.php","meta":{"_monsterinsights_skip_tracking":false,"_monsterinsights_sitenote_active":false,"_monsterinsights_sitenote_note":"","_monsterinsights_sitenote_category":0,"footnotes":""},"class_list":["post-5308","page","type-page","status-publish","hentry","page_keywords-about-the-artist","page_keywords-franco-monti","page_keywords-franco-monti-lartista","page_keywords-sobre-el-artista"],"_links":{"self":[{"href":"https:\/\/www.francomonti.com\/it\/wp-json\/wp\/v2\/pages\/5308","targetHints":{"allow":["GET"]}}],"collection":[{"href":"https:\/\/www.francomonti.com\/it\/wp-json\/wp\/v2\/pages"}],"about":[{"href":"https:\/\/www.francomonti.com\/it\/wp-json\/wp\/v2\/types\/page"}],"author":[{"embeddable":true,"href":"https:\/\/www.francomonti.com\/it\/wp-json\/wp\/v2\/users\/1"}],"replies":[{"embeddable":true,"href":"https:\/\/www.francomonti.com\/it\/wp-json\/wp\/v2\/comments?post=5308"}],"version-history":[{"count":5,"href":"https:\/\/www.francomonti.com\/it\/wp-json\/wp\/v2\/pages\/5308\/revisions"}],"predecessor-version":[{"id":6101,"href":"https:\/\/www.francomonti.com\/it\/wp-json\/wp\/v2\/pages\/5308\/revisions\/6101"}],"wp:attachment":[{"href":"https:\/\/www.francomonti.com\/it\/wp-json\/wp\/v2\/media?parent=5308"}],"curies":[{"name":"wp","href":"https:\/\/api.w.org\/{rel}","templated":true}]}}