{"id":5834,"date":"2015-10-09T11:52:07","date_gmt":"2015-10-09T10:52:07","guid":{"rendered":"http:\/\/www.francomonti.com\/?page_id=5834"},"modified":"2015-12-11T18:44:36","modified_gmt":"2015-12-11T17:44:36","slug":"agradecimientos","status":"publish","type":"page","link":"https:\/\/www.francomonti.com\/es\/agradecimientos\/","title":{"rendered":"Agradecimientos"},"content":{"rendered":"Quiero dar las gracias a todas las personas que han colaborado en la redacci\u00f3n de esta p\u00e1gina web y especialmente a los fot\u00f3grafos Manfred &amp;Margitta Ballheimer <a href=\"mailto:ballheimermanfred@gmail.com\">(ballheimermanfred@gmail.com)<\/a>, Daniel B\u00fchl\u00a0<a href=\"http:\/\/www.danielbuehl.de\">(www.danielbuehl.de)<\/a> y Josep Casanova\u00a0<a href=\"http:\/\/www.fotocas.net\" target=\"_blank\">(www.fotocas.net)<\/a> por sus habilidades en captar el \u201calma\u201d de la obra de mi padre.<\/p>\n<p>Tambi\u00e9n dar las gracias a Nieves Herranz\u00a0<a href=\"http:\/\/www.nievesherranz.es\" target=\"_blank\">(www.nievesherranz.es)<\/a> por el dise\u00f1o de la web.<\/p>\n<p>Muchas gracias a todos por vuestra aportaci\u00f3n.<\/p>\n<p>Jacopo T. Monti<\/p>\n<p>&nbsp;","protected":false},"excerpt":{"rendered":"<p>Quiero dar las gracias a todas las personas que han colaborado en la redacci\u00f3n de esta p\u00e1gina web y especialmente a los fot\u00f3grafos Manfred &amp;Margitta Ballheimer <a href=\"mailto:ballheimermanfred@gmail.com\">(ballheimermanfred@gmail.com)<\/a>, Daniel B\u00fchl\u00a0<a href=\"http:\/\/www.danielbuehl.de\">(www.danielbuehl.de)<\/a> y Josep Casanova\u00a0<a href=\"http:\/\/www.fotocas.net\" target=\"_blank\">(www.fotocas.net)<\/a> por sus habilidades en captar el \u201calma\u201d de la obra de mi padre.<\/p>\n<p>Tambi\u00e9n dar las gracias a Nieves Herranz\u00a0<a href=\"http:\/\/www.nievesherranz.es\" target=\"_blank\">(www.nievesherranz.es)<\/a> por el dise\u00f1o de la web.<\/p>\n<p>Muchas gracias a todos por vuestra aportaci\u00f3n.<\/p>\n<p>Jacopo T. Monti<\/p>\n<p>&nbsp;<\/p>\n","protected":false},"author":1,"featured_media":0,"parent":0,"menu_order":0,"comment_status":"closed","ping_status":"closed","template":"page-nosidebar.php","meta":{"_monsterinsights_skip_tracking":false,"_monsterinsights_sitenote_active":false,"_monsterinsights_sitenote_note":"","_monsterinsights_sitenote_category":0,"footnotes":""},"class_list":["post-5834","page","type-page","status-publish","hentry"],"_links":{"self":[{"href":"https:\/\/www.francomonti.com\/es\/wp-json\/wp\/v2\/pages\/5834","targetHints":{"allow":["GET"]}}],"collection":[{"href":"https:\/\/www.francomonti.com\/es\/wp-json\/wp\/v2\/pages"}],"about":[{"href":"https:\/\/www.francomonti.com\/es\/wp-json\/wp\/v2\/types\/page"}],"author":[{"embeddable":true,"href":"https:\/\/www.francomonti.com\/es\/wp-json\/wp\/v2\/users\/1"}],"replies":[{"embeddable":true,"href":"https:\/\/www.francomonti.com\/es\/wp-json\/wp\/v2\/comments?post=5834"}],"version-history":[{"count":6,"href":"https:\/\/www.francomonti.com\/es\/wp-json\/wp\/v2\/pages\/5834\/revisions"}],"predecessor-version":[{"id":6033,"href":"https:\/\/www.francomonti.com\/es\/wp-json\/wp\/v2\/pages\/5834\/revisions\/6033"}],"wp:attachment":[{"href":"https:\/\/www.francomonti.com\/es\/wp-json\/wp\/v2\/media?parent=5834"}],"curies":[{"name":"wp","href":"https:\/\/api.w.org\/{rel}","templated":true}]}}