{"id":5808,"date":"2015-10-02T12:13:58","date_gmt":"2015-10-02T11:13:58","guid":{"rendered":"http:\/\/www.francomonti.com\/?page_id=5808"},"modified":"2015-11-06T18:51:59","modified_gmt":"2015-11-06T17:51:59","slug":"cookies","status":"publish","type":"page","link":"https:\/\/www.francomonti.com\/es\/cookies\/","title":{"rendered":"Pol\u00edtica de cookies"},"content":{"rendered":"<h3>\u00bfQu\u00e9 son las cookies?<\/h3>\n<p>Las cookies son archivos que se pueden descargar en su equipo a trav\u00e9s de las p\u00e1ginas web y cumplen un papel fundamental en la prestaci\u00f3n de numerosos servicios de la sociedad de la informaci\u00f3n. Entre otros, permiten a una p\u00e1gina web almacenar y recuperar informaci\u00f3n sobre los h\u00e1bitos de navegaci\u00f3n de un usuario o de su equipo y, dependiendo de la informaci\u00f3n obtenida, se pueden utilizar para reconocer al usuario y mejorar el servicio ofrecido.<\/p>\n<h3>Tipos de cookies<\/h3>\n<p>Las cookies puede clasificarse como <strong>cookies propias, <\/strong>si est\u00e1n generadas por el sitio web que se est\u00e1 visitando, y<strong> cookies de terceros<\/strong>, si son generadas por servicios o proveedores externos como Facebook, Twitter, Google, etc.<\/p>\n<p>Tambi\u00e9n pueden clasificarse en funci\u00f3n de la finalidad de los datos obtenidos como:<\/p>\n<p><strong>Cookies t\u00e9cnicas:<\/strong> Las que permiten al usuario la navegaci\u00f3n a trav\u00e9s de una p\u00e1gina web y la utilizaci\u00f3n de las diferentes opciones o servicios que en ella existan como, por ejemplo, controlar el tr\u00e1fico y la comunicaci\u00f3n de datos, identificar la sesi\u00f3n, acceder a partes de acceso restringido, recordar los elementos que integran un pedido, realizar el proceso de compra de un pedido, realizar la solicitud de inscripci\u00f3n o participaci\u00f3n en un evento, utilizar elementos de seguridad durante la navegaci\u00f3n, almacenar contenidos para la difusi\u00f3n de videos o sonido o compartir contenidos a trav\u00e9s de redes sociales.<\/p>\n<p><strong>Cookies de personalizaci\u00f3n: <\/strong>Permiten al usuario acceder al servicio con algunas caracter\u00edsticas de car\u00e1cter general predefinidas en funci\u00f3n a unos criterios, como por ejemplo idioma, tipo de navegador, la configuraci\u00f3n regional desde donde accede al servicio, etc<\/p>\n<p><strong>Cookies de an\u00e1lisis: <\/strong>Permiten el seguimiento y an\u00e1lisis del comportamiento de los usuarios de los sitios web a los que est\u00e1n vinculadas mediante la recogida de datos como el tipo de navegaci\u00f3n que est\u00e1 realizando, las secciones m\u00e1s visitadas, franja horaria de uso, idioma, etc.. La informaci\u00f3n recogida se utiliza para medir la actividad del sitio web y en la elaboraci\u00f3n de perfiles de navegaci\u00f3n de los usuarios con el fin de introducir mejoras en funci\u00f3n del an\u00e1lisis de los datos de uso que se hace del servicio.<\/p>\n<p><strong>Cookies publicitarias y cookies de publicidad comportamental: <\/strong>permiten la gesti\u00f3n eficaz de espacios publicitarios de la p\u00e1gina web, en base a criterios como el contenido editado o la frecuencia en la que se muestran los anuncios.<strong><br \/>\n<\/strong><\/p>\n<p>Las cookies que utiliza esta web son:<\/p>\n<ul>\n<li><strong>_ga, _gat, _gali:<\/strong> cookies de la herramienta Google Analytics, recopilan informaci\u00f3n acerca del uso del sitio para la mejora del mismo. La informaci\u00f3n se recopila de forma an\u00f3nima.<\/li>\n<li><strong>qtrans front language:<\/strong> se utiliza para establecer el idioma de la p\u00e1gina. No recopila informaci\u00f3n del usuario.<\/li>\n<\/ul>\n<p>Para m\u00e1s informaci\u00f3n a este respecto puede consultar la <a href=\"http:\/\/www.agpd.es\/portalwebAGPD\/canaldocumentacion\/publicaciones\/common\/Guias\/Guia_Cookies.pdf\">Gu\u00eda sobre el uso de las cookies de la Agencia Espa\u00f1ola de Protecci\u00f3n de Datos.<\/a><\/p>\n<h3>C\u00f3mo modificar la configuraci\u00f3n de las cookies<\/h3>\n<p>En cualquier momento usted puede restringir, bloquear o borrar las cookies de cualquier p\u00e1gina web, utilizando la configuraci\u00f3n de su navegador. En cada navegador se procede de forma diferente, la funci\u00f3n de \u2018Ayuda\u201d le mostrar\u00e1 c\u00f3mo hacerlo.","protected":false},"excerpt":{"rendered":"<p>\u00bfQu\u00e9 son las cookies?<\/p>\n<p>Las cookies son archivos que se pueden descargar en su equipo a trav\u00e9s de las p\u00e1ginas web y cumplen un papel fundamental en la prestaci\u00f3n de numerosos servicios de la sociedad de la informaci\u00f3n. Entre otros, permiten a una p\u00e1gina web almacenar y recuperar informaci\u00f3n sobre los h\u00e1bitos de navegaci\u00f3n de un usuario o de su equipo y, dependiendo de la informaci\u00f3n obtenida, se pueden utilizar para reconocer al usuario y mejorar el servicio ofrecido.<\/p>\n<p>Tipos de cookies<\/p>\n<p>Las cookies puede clasificarse como cookies propias, si est\u00e1n generadas por<\/p>\n","protected":false},"author":1,"featured_media":0,"parent":0,"menu_order":0,"comment_status":"closed","ping_status":"closed","template":"page-nosidebar.php","meta":{"_monsterinsights_skip_tracking":false,"_monsterinsights_sitenote_active":false,"_monsterinsights_sitenote_note":"","_monsterinsights_sitenote_category":0,"footnotes":""},"class_list":["post-5808","page","type-page","status-publish","hentry"],"_links":{"self":[{"href":"https:\/\/www.francomonti.com\/es\/wp-json\/wp\/v2\/pages\/5808","targetHints":{"allow":["GET"]}}],"collection":[{"href":"https:\/\/www.francomonti.com\/es\/wp-json\/wp\/v2\/pages"}],"about":[{"href":"https:\/\/www.francomonti.com\/es\/wp-json\/wp\/v2\/types\/page"}],"author":[{"embeddable":true,"href":"https:\/\/www.francomonti.com\/es\/wp-json\/wp\/v2\/users\/1"}],"replies":[{"embeddable":true,"href":"https:\/\/www.francomonti.com\/es\/wp-json\/wp\/v2\/comments?post=5808"}],"version-history":[{"count":7,"href":"https:\/\/www.francomonti.com\/es\/wp-json\/wp\/v2\/pages\/5808\/revisions"}],"predecessor-version":[{"id":5995,"href":"https:\/\/www.francomonti.com\/es\/wp-json\/wp\/v2\/pages\/5808\/revisions\/5995"}],"wp:attachment":[{"href":"https:\/\/www.francomonti.com\/es\/wp-json\/wp\/v2\/media?parent=5808"}],"curies":[{"name":"wp","href":"https:\/\/api.w.org\/{rel}","templated":true}]}}