{"id":5618,"date":"2015-08-25T19:05:16","date_gmt":"2015-08-25T18:05:16","guid":{"rendered":"http:\/\/www.francomonti.com\/?page_id=5618"},"modified":"2018-10-05T16:59:08","modified_gmt":"2018-10-05T15:59:08","slug":"curriculum","status":"publish","type":"page","link":"https:\/\/www.francomonti.com\/es\/curriculum\/","title":{"rendered":"CV"},"content":{"rendered":"<div class=\"wpb-content-wrapper\">[vc_row css=\".vc_custom_1445596676555{margin-top: 0px !important;}\"][vc_column][vc_column_text]<img loading=\"lazy\" decoding=\"async\" class=\"alignleft wp-image-5603 size-full\" src=\"http:\/\/www.francomonti.com\/wp-content\/uploads\/2015\/08\/francomonti_bio.jpg\" alt=\"Franco Monti\" width=\"340\" height=\"500\" srcset=\"https:\/\/www.francomonti.com\/wp-content\/uploads\/2015\/08\/francomonti_bio.jpg 340w, https:\/\/www.francomonti.com\/wp-content\/uploads\/2015\/08\/francomonti_bio-204x300.jpg 204w\" sizes=\"auto, (max-width: 340px) 100vw, 340px\" \/>Franco Monti nace en Mil\u00e1n en 1931. Interesado desde muy joven en las artes, y en particular la escultura, a principio de los a\u00f1os '50 comienza a modelar en arcilla y a esculpir en piedra figuras antropom\u00f3rficas de tendencias abstractas.<\/p>\n<p>Se dedica al estudio de la etnolog\u00eda de escuela francesa, y su inter\u00e9s por el arte africano le lleva, desde 1954, a viajar extensamente en la Africa Occidental sub-sahariana para profundizar su aprendizaje de aquellas culturas. M\u00e1s tarde sus viajes a Per\u00f9, M\u00e9xico y Nueva Guinea contribuyen a ampliar los conocimientos acerca de aquellas culturas que por aquel entonces se les llamaba \u201cprimitivas\u201d. En los a\u00f1os siguientes promueve iniciativas y organiza exposiciones para dar a conocer a las artes extraeuropeas en Italia y en el extranjero.<\/p>\n<p>Miembro correspondiente desde 1962 del <em>Syndicat Fran\u00e7ais des Experts Professionnels en \u0152uvres d' Art de Paris<\/em>, se le considera gran conocedor de la escultura africana a la cual ha dedicado m\u00e1s de 30 a\u00f1os de investigaci\u00f3n en el campo. Colabora como experto en \u201cartes primitivas\u201d a las publicaciones de los editores Fabbri y De Agostini. Durante alg\u00fan tiempo escribe para el Corriere della Sera en la p\u00e1gina consagrada al arte que dirige el escritor Dino Buzzati.<\/p>\n<p>Desde principios de los a\u00f1os ochenta, deja la investigaci\u00f3n en \u00c1frica y se dedica exclusivamente a su pasi\u00f3n de siempre, la escultura, a la que no ha dejado de pensar en todos aquellos a\u00f1os<span style=\"text-decoration: line-through;\">.<\/span> Elige la isla de Ibiza como lugar para trabajar y encuentra el entorno ideal para una creaci\u00f3n que parece tomar inspiraci\u00f3n de la naturaleza que le rodea.<\/p>\n<p>Experimenta con materiales diferentes - madera, hierro, cart\u00f3n, piedra - la elaboraci\u00f3n de formas que luego realizar\u00e1 en hormig\u00f3n y a las cuales confiere tonalidades de color gracias a tierras y pigmentos que agrega al amalgama en la fase de elaboraci\u00f3n. Las obras as\u00ed creadas son siempre ejemplares \u00fanicos obtenidos con un duro trabajo de esmero sobre el vaciado - forma todav\u00eda bruta- con el fin de llegar al modelo previamente ideado y dibujado.<\/p>\n<p>Desde su primera exposicion en solitrario en 1996, Monti ha expuesto su obra en galearias y museos en Alicante, Barcelona, Ibiza, Palma de Mallorca en Espa\u00f1a y Varese y Verona en Italia. Esculturas de Franco Monti est\u00e1n en importantes colecciones de arte contempor\u00e1neo, tanto en Espa\u00f1a como en Italia, como entre otras, la colleci\u00f3n Panza di Biumo. En 2005 su publica un libro monografico sobre su ecultura <em>\u201cEstelas de Color. La escultura de Franco Monti\u201d<\/em>, escrito por el noto cr\u00edtico e historiador del arte J.F. Yvars. Franco Monti fallece en Ibiza en el 2008<\/p>\n<p>Su obra se puede ver en la <a href=\"http:\/\/www.ambitgaleriaart.com\/\" target=\"_blank\" rel=\"noopener\">Ambit Galeria d\u2019 Art<\/a> en Barcelona, en la <a href=\"http:\/\/www.maneuart.com\/\" target=\"_blank\" rel=\"noopener\">Galeria \u201cManeu\u201d<\/a> en Palma de Mallorca, en el <a href=\"http:\/\/www.espacio-micus.com\/\" target=\"_blank\" rel=\"noopener\">Espacio Micus<\/a> en Ibiza.<\/p>\n<span class=\"highlight\" style=\"background-color:none;\">\u00a0 <a style=\"padding: 6px;\" href=\"https:\/\/www.francomonti.com\/wp-content\/uploads\/2015\/08\/2015-Franco-Monti-CV.pdf\" target=\"_blank\" rel=\"noopener\">Descargar CV completo en pdf<\/a>\u00a0 <\/span>[\/vc_column_text][\/vc_column][\/vc_row]\n<\/div>","protected":false},"excerpt":{"rendered":"<p>[vc_row css=\u00bb.vc_custom_1445596676555{margin-top: 0px !important;}\u00bb][vc_column][vc_column_text]Franco Monti nace en Mil\u00e1n en 1931. Interesado desde muy joven en las artes, y en particular la escultura, a principio de los a\u00f1os &#8217;50 comienza a modelar en arcilla y a esculpir en piedra figuras antropom\u00f3rficas de tendencias abstractas.<\/p>\n<p>Se dedica al estudio de la etnolog\u00eda de escuela francesa, y su inter\u00e9s por el arte africano le lleva, desde 1954, a viajar extensamente en la Africa Occidental sub-sahariana para profundizar su aprendizaje de aquellas culturas. M\u00e1s tarde sus viajes a Per\u00f9, M\u00e9xico y Nueva Guinea contribuyen a<\/p>\n","protected":false},"author":1,"featured_media":0,"parent":0,"menu_order":0,"comment_status":"open","ping_status":"closed","template":"page-nosidebar.php","meta":{"_monsterinsights_skip_tracking":false,"_monsterinsights_sitenote_active":false,"_monsterinsights_sitenote_note":"","_monsterinsights_sitenote_category":0,"footnotes":""},"class_list":["post-5618","page","type-page","status-publish","hentry","page_keywords-curriculum","page_keywords-curriculum-franco-monti","page_keywords-cv","page_keywords-franco-monti-cv"],"_links":{"self":[{"href":"https:\/\/www.francomonti.com\/es\/wp-json\/wp\/v2\/pages\/5618","targetHints":{"allow":["GET"]}}],"collection":[{"href":"https:\/\/www.francomonti.com\/es\/wp-json\/wp\/v2\/pages"}],"about":[{"href":"https:\/\/www.francomonti.com\/es\/wp-json\/wp\/v2\/types\/page"}],"author":[{"embeddable":true,"href":"https:\/\/www.francomonti.com\/es\/wp-json\/wp\/v2\/users\/1"}],"replies":[{"embeddable":true,"href":"https:\/\/www.francomonti.com\/es\/wp-json\/wp\/v2\/comments?post=5618"}],"version-history":[{"count":22,"href":"https:\/\/www.francomonti.com\/es\/wp-json\/wp\/v2\/pages\/5618\/revisions"}],"predecessor-version":[{"id":6060,"href":"https:\/\/www.francomonti.com\/es\/wp-json\/wp\/v2\/pages\/5618\/revisions\/6060"}],"wp:attachment":[{"href":"https:\/\/www.francomonti.com\/es\/wp-json\/wp\/v2\/media?parent=5618"}],"curies":[{"name":"wp","href":"https:\/\/api.w.org\/{rel}","templated":true}]}}